{"id":29,"date":"2024-05-12T15:03:10","date_gmt":"2024-05-12T19:03:10","guid":{"rendered":"https:\/\/planout.shintheo.com\/?page_id=29"},"modified":"2025-02-22T17:26:44","modified_gmt":"2025-02-22T22:26:44","slug":"contact","status":"publish","type":"page","link":"https:\/\/planout.ca\/fr\/contact\/","title":{"rendered":"Contact"},"content":{"rendered":"\t\t<div data-elementor-type=\"wp-page\" data-elementor-id=\"29\" class=\"elementor elementor-29\" data-elementor-post-type=\"page\">\n\t\t\t\t<div class=\"elementor-element elementor-element-ae0c5c0 e-flex e-con-boxed e-con e-parent\" data-id=\"ae0c5c0\" data-element_type=\"container\" data-e-type=\"container\">\n\t\t\t\t\t<div class=\"e-con-inner\">\n\t\t<div class=\"elementor-element elementor-element-c00ad6c e-con-full e-flex e-con e-child\" data-id=\"c00ad6c\" data-element_type=\"container\" data-e-type=\"container\" data-settings=\"{&quot;background_background&quot;:&quot;classic&quot;}\">\n\t\t\t\t<div class=\"elementor-element elementor-element-0fb2726 animated-slow elementor-invisible elementor-widget elementor-widget-heading\" data-id=\"0fb2726\" data-element_type=\"widget\" data-e-type=\"widget\" data-settings=\"{&quot;_animation&quot;:&quot;fadeIn&quot;}\" data-widget_type=\"heading.default\">\n\t\t\t\t<div class=\"elementor-widget-container\">\n\t\t\t\t\t<h2 class=\"elementor-heading-title elementor-size-default\">Better yet, see us in person!<\/h2>\t\t\t\t<\/div>\n\t\t\t\t<\/div>\n\t\t\t\t<div class=\"elementor-element elementor-element-c8556d3 animated-slow elementor-invisible elementor-widget elementor-widget-heading\" data-id=\"c8556d3\" data-element_type=\"widget\" data-e-type=\"widget\" data-settings=\"{&quot;_animation&quot;:&quot;fadeIn&quot;,&quot;_animation_delay&quot;:600}\" data-widget_type=\"heading.default\">\n\t\t\t\t<div class=\"elementor-widget-container\">\n\t\t\t\t\t<h2 class=\"elementor-heading-title elementor-size-default\">We love our customers, we'll come visit your project and plan it out together.<\/h2>\t\t\t\t<\/div>\n\t\t\t\t<\/div>\n\t\t\t\t<div class=\"elementor-element elementor-element-b646e97 elementor-button-align-stretch elementor-widget elementor-widget-form\" data-id=\"b646e97\" data-element_type=\"widget\" data-e-type=\"widget\" data-settings=\"{&quot;step_next_label&quot;:&quot;Next&quot;,&quot;step_previous_label&quot;:&quot;Previous&quot;,&quot;button_width&quot;:&quot;100&quot;,&quot;step_type&quot;:&quot;number_text&quot;,&quot;step_icon_shape&quot;:&quot;circle&quot;}\" data-widget_type=\"form.default\">\n\t\t\t\t<div class=\"elementor-widget-container\">\n\t\t\t\t\t\t\t<form class=\"elementor-form\" method=\"post\" name=\"Contact\" aria-label=\"Contact\">\n\t\t\t<input type=\"hidden\" name=\"post_id\" value=\"29\"\/>\n\t\t\t<input type=\"hidden\" name=\"form_id\" value=\"b646e97\"\/>\n\t\t\t<input type=\"hidden\" name=\"referer_title\" value=\"PLANOUT &#8211; Real Estate Property Maintenance Service &#8211; Repairs, Cleaning\" \/>\n\n\t\t\t\n\t\t\t<div class=\"elementor-form-fields-wrapper elementor-labels-\">\n\t\t\t\t\t\t\t\t<div class=\"elementor-field-type-text elementor-field-group elementor-column elementor-field-group-name elementor-col-100\">\n\t\t\t\t\t\t\t\t\t\t\t\t<label for=\"form-field-name\" class=\"elementor-field-label elementor-screen-only\">\n\t\t\t\t\t\t\t\tName\t\t\t\t\t\t\t<\/label>\n\t\t\t\t\t\t\t\t\t\t\t\t\t\t<input size=\"1\" type=\"text\" name=\"form_fields[name]\" id=\"form-field-name\" class=\"elementor-field elementor-size-sm  elementor-field-textual\" placeholder=\"Name\">\n\t\t\t\t\t\t\t\t\t\t\t<\/div>\n\t\t\t\t\t\t\t\t<div class=\"elementor-field-type-email elementor-field-group elementor-column elementor-field-group-email elementor-col-100 elementor-field-required\">\n\t\t\t\t\t\t\t\t\t\t\t\t<label for=\"form-field-email\" class=\"elementor-field-label elementor-screen-only\">\n\t\t\t\t\t\t\t\tEmail\t\t\t\t\t\t\t<\/label>\n\t\t\t\t\t\t\t\t\t\t\t\t\t\t<input size=\"1\" type=\"email\" name=\"form_fields[email]\" id=\"form-field-email\" class=\"elementor-field elementor-size-sm  elementor-field-textual\" placeholder=\"Email\" required=\"required\">\n\t\t\t\t\t\t\t\t\t\t\t<\/div>\n\t\t\t\t\t\t\t\t<div class=\"elementor-field-type-textarea elementor-field-group elementor-column elementor-field-group-message elementor-col-100\">\n\t\t\t\t\t\t\t\t\t\t\t\t<label for=\"form-field-message\" class=\"elementor-field-label elementor-screen-only\">\n\t\t\t\t\t\t\t\tMessage\t\t\t\t\t\t\t<\/label>\n\t\t\t\t\t\t<textarea class=\"elementor-field-textual elementor-field  elementor-size-sm\" name=\"form_fields[message]\" id=\"form-field-message\" rows=\"4\" placeholder=\"Message\"><\/textarea>\t\t\t\t<\/div>\n\t\t\t\t\t\t\t\t<div class=\"elementor-field-type-recaptcha_v3 elementor-field-group elementor-column elementor-field-group-field_96bf126 elementor-col-100 recaptcha_v3-bottomright\">\n\t\t\t\t\t<div class=\"elementor-field\" id=\"form-field-field_96bf126\"><div class=\"elementor-g-recaptcha\" data-sitekey=\"6LeHr84pAAAAAIRmh3GV-G3CNbYy6RLeuWToLQ9C\" data-type=\"v3\" data-action=\"Form\" data-badge=\"bottomright\" data-size=\"invisible\"><\/div><\/div>\t\t\t\t<\/div>\n\t\t\t\t\t\t\t\t<div class=\"elementor-field-group elementor-column elementor-field-type-submit elementor-col-100 e-form__buttons\">\n\t\t\t\t\t<button class=\"elementor-button elementor-size-sm elementor-animation-shrink\" type=\"submit\">\n\t\t\t\t\t\t<span class=\"elementor-button-content-wrapper\">\n\t\t\t\t\t\t\t\t\t\t\t\t\t\t\t\t\t\t\t\t\t\t<span class=\"elementor-button-text\">Send<\/span>\n\t\t\t\t\t\t\t\t\t\t\t\t\t<\/span>\n\t\t\t\t\t<\/button>\n\t\t\t\t<\/div>\n\t\t\t<\/div>\n\t\t<\/form>\n\t\t\t\t\t\t<\/div>\n\t\t\t\t<\/div>\n\t\t\t\t<\/div>\n\t\t<div class=\"elementor-element elementor-element-74fcec3 e-con-full e-flex e-con e-child\" data-id=\"74fcec3\" data-element_type=\"container\" data-e-type=\"container\">\n\t\t\t\t<div class=\"elementor-element elementor-element-ea9adce animated-slow elementor-invisible elementor-widget elementor-widget-heading\" data-id=\"ea9adce\" data-element_type=\"widget\" data-e-type=\"widget\" data-settings=\"{&quot;_animation&quot;:&quot;fadeIn&quot;}\" data-widget_type=\"heading.default\">\n\t\t\t\t<div class=\"elementor-widget-container\">\n\t\t\t\t\t<h2 class=\"elementor-heading-title elementor-size-default\">PlanOut Inc.<\/h2>\t\t\t\t<\/div>\n\t\t\t\t<\/div>\n\t\t\t\t<div class=\"elementor-element elementor-element-3c6fa7f elementor-icon-list--layout-traditional elementor-list-item-link-full_width elementor-widget elementor-widget-icon-list\" data-id=\"3c6fa7f\" data-element_type=\"widget\" data-e-type=\"widget\" data-widget_type=\"icon-list.default\">\n\t\t\t\t<div class=\"elementor-widget-container\">\n\t\t\t\t\t\t\t<ul class=\"elementor-icon-list-items\">\n\t\t\t\t\t\t\t<li class=\"elementor-icon-list-item\">\n\t\t\t\t\t\t\t\t\t\t\t<a href=\"https:\/\/www.google.ca\/maps\/place\/2000+Rue+Sauv%C3%A9+O,+Montr%C3%A9al,+QC+H4N+0E1\/@45.53352,-73.6683341,17z\/data=!3m1!4b1!4m6!3m5!1s0x4cc919a21c19a845:0x9218fa4b98e1616f!8m2!3d45.53352!4d-73.6657592!16s%2Fg%2F11ksp1lx67?entry=ttu\" target=\"_blank\">\n\n\t\t\t\t\t\t\t\t\t\t\t\t<span class=\"elementor-icon-list-icon\">\n\t\t\t\t\t\t\t<svg aria-hidden=\"true\" class=\"e-font-icon-svg e-fas-map-marker-alt\" viewBox=\"0 0 384 512\" xmlns=\"http:\/\/www.w3.org\/2000\/svg\"><path d=\"M172.268 501.67C26.97 291.031 0 269.413 0 192 0 85.961 85.961 0 192 0s192 85.961 192 192c0 77.413-26.97 99.031-172.268 309.67-9.535 13.774-29.93 13.773-39.464 0zM192 272c44.183 0 80-35.817 80-80s-35.817-80-80-80-80 35.817-80 80 35.817 80 80 80z\"><\/path><\/svg>\t\t\t\t\t\t<\/span>\n\t\t\t\t\t\t\t\t\t\t<span class=\"elementor-icon-list-text\">2000 Rue Sauv\u00e9 Ouest, Montr\u00e9al, Quebec H4N 0E2, Canada<\/span>\n\t\t\t\t\t\t\t\t\t\t\t<\/a>\n\t\t\t\t\t\t\t\t\t<\/li>\n\t\t\t\t\t\t\t\t<li class=\"elementor-icon-list-item\">\n\t\t\t\t\t\t\t\t\t\t\t<a href=\"tel:1-514-386-4048\" target=\"_blank\">\n\n\t\t\t\t\t\t\t\t\t\t\t\t<span class=\"elementor-icon-list-icon\">\n\t\t\t\t\t\t\t<svg aria-hidden=\"true\" class=\"e-font-icon-svg e-fas-phone-alt\" viewBox=\"0 0 512 512\" xmlns=\"http:\/\/www.w3.org\/2000\/svg\"><path d=\"M497.39 361.8l-112-48a24 24 0 0 0-28 6.9l-49.6 60.6A370.66 370.66 0 0 1 130.6 204.11l60.6-49.6a23.94 23.94 0 0 0 6.9-28l-48-112A24.16 24.16 0 0 0 122.6.61l-104 24A24 24 0 0 0 0 48c0 256.5 207.9 464 464 464a24 24 0 0 0 23.4-18.6l24-104a24.29 24.29 0 0 0-14.01-27.6z\"><\/path><\/svg>\t\t\t\t\t\t<\/span>\n\t\t\t\t\t\t\t\t\t\t<span class=\"elementor-icon-list-text\">1-514-386-4048<\/span>\n\t\t\t\t\t\t\t\t\t\t\t<\/a>\n\t\t\t\t\t\t\t\t\t<\/li>\n\t\t\t\t\t\t\t\t<li class=\"elementor-icon-list-item\">\n\t\t\t\t\t\t\t\t\t\t\t<a href=\"mailto:info@planout.ca\" target=\"_blank\">\n\n\t\t\t\t\t\t\t\t\t\t\t\t<span class=\"elementor-icon-list-icon\">\n\t\t\t\t\t\t\t<i aria-hidden=\"true\" class=\"icon icon-mail\"><\/i>\t\t\t\t\t\t<\/span>\n\t\t\t\t\t\t\t\t\t\t<span class=\"elementor-icon-list-text\">info@planout.ca<\/span>\n\t\t\t\t\t\t\t\t\t\t\t<\/a>\n\t\t\t\t\t\t\t\t\t<\/li>\n\t\t\t\t\t\t\t\t<li class=\"elementor-icon-list-item\">\n\t\t\t\t\t\t\t\t\t\t\t<span class=\"elementor-icon-list-icon\">\n\t\t\t\t\t\t\t<svg aria-hidden=\"true\" class=\"e-font-icon-svg e-far-clock\" viewBox=\"0 0 512 512\" xmlns=\"http:\/\/www.w3.org\/2000\/svg\"><path d=\"M256 8C119 8 8 119 8 256s111 248 248 248 248-111 248-248S393 8 256 8zm0 448c-110.5 0-200-89.5-200-200S145.5 56 256 56s200 89.5 200 200-89.5 200-200 200zm61.8-104.4l-84.9-61.7c-3.1-2.3-4.9-5.9-4.9-9.7V116c0-6.6 5.4-12 12-12h32c6.6 0 12 5.4 12 12v141.7l66.8 48.6c5.4 3.9 6.5 11.4 2.6 16.8L334.6 349c-3.9 5.3-11.4 6.5-16.8 2.6z\"><\/path><\/svg>\t\t\t\t\t\t<\/span>\n\t\t\t\t\t\t\t\t\t\t<span class=\"elementor-icon-list-text\"><b>Open Hours<\/b><br \/> Monday to Sunday between 9:00 AM - 5:00 PM<\/span>\n\t\t\t\t\t\t\t\t\t<\/li>\n\t\t\t\t\t\t<\/ul>\n\t\t\t\t\t\t<\/div>\n\t\t\t\t<\/div>\n\t\t\t\t<\/div>\n\t\t\t\t\t<\/div>\n\t\t\t\t<\/div>\n\t\t<div class=\"elementor-element elementor-element-d78b947 e-con-full e-flex e-con e-parent\" data-id=\"d78b947\" data-element_type=\"container\" data-e-type=\"container\">\n\t\t\t\t<div class=\"elementor-element elementor-element-36c0b35 elementor-widget elementor-widget-google_maps\" data-id=\"36c0b35\" data-element_type=\"widget\" data-e-type=\"widget\" data-widget_type=\"google_maps.default\">\n\t\t\t\t<div class=\"elementor-widget-container\">\n\t\t\t\t\t\t\t<div class=\"elementor-custom-embed\">\n\t\t\t<iframe loading=\"lazy\"\n\t\t\t\t\tsrc=\"https:\/\/maps.google.com\/maps?q=2000%20Rue%20Sauv%C3%A9%20Ouest%2C%20Montr%C3%A9al%2C%20Quebec%20H4N%200E2%2C%20Canada&#038;t=m&#038;z=11&#038;output=embed&#038;iwloc=near\"\n\t\t\t\t\ttitle=\"2000 Rue Sauv\u00e9 Ouest, Montr\u00e9al, Quebec H4N 0E2, Canada\"\n\t\t\t\t\taria-label=\"2000 Rue Sauv\u00e9 Ouest, Montr\u00e9al, Quebec H4N 0E2, Canada\"\n\t\t\t><\/iframe>\n\t\t<\/div>\n\t\t\t\t\t\t<\/div>\n\t\t\t\t<\/div>\n\t\t\t\t<\/div>\n\t\t\t\t<\/div>\n\t\t","protected":false},"excerpt":{"rendered":"<p>Mieux encore, venez nous rencontrer en personne\u00a0! Nous aimons nos clients\u00a0; nous viendrons visiter votre projet et le planifierons ensemble. PlanOut Inc. 2000, rue Sauv\u00e9 Ouest, Montr\u00e9al (Qu\u00e9bec) H4N 0E2, Canada 1\u00a0514\u00a0386-4048 info@planout.ca Heures d&#039;ouverture\u00a0: du lundi au dimanche, de 9\u00a0h \u00e0 17\u00a0h.<\/p>","protected":false},"author":1,"featured_media":6,"parent":0,"menu_order":0,"comment_status":"closed","ping_status":"closed","template":"","meta":{"ocean_post_layout":"","ocean_both_sidebars_style":"","ocean_both_sidebars_content_width":0,"ocean_both_sidebars_sidebars_width":0,"ocean_sidebar":"","ocean_second_sidebar":"","ocean_disable_margins":"enable","ocean_add_body_class":"","ocean_shortcode_before_top_bar":"","ocean_shortcode_after_top_bar":"","ocean_shortcode_before_header":"","ocean_shortcode_after_header":"","ocean_has_shortcode":"","ocean_shortcode_after_title":"","ocean_shortcode_before_footer_widgets":"","ocean_shortcode_after_footer_widgets":"","ocean_shortcode_before_footer_bottom":"","ocean_shortcode_after_footer_bottom":"","ocean_display_top_bar":"default","ocean_display_header":"default","ocean_header_style":"","ocean_center_header_left_menu":"","ocean_custom_header_template":"","ocean_custom_logo":0,"ocean_custom_retina_logo":0,"ocean_custom_logo_max_width":0,"ocean_custom_logo_tablet_max_width":0,"ocean_custom_logo_mobile_max_width":0,"ocean_custom_logo_max_height":0,"ocean_custom_logo_tablet_max_height":0,"ocean_custom_logo_mobile_max_height":0,"ocean_header_custom_menu":"","ocean_menu_typo_font_family":"","ocean_menu_typo_font_subset":"","ocean_menu_typo_font_size":0,"ocean_menu_typo_font_size_tablet":0,"ocean_menu_typo_font_size_mobile":0,"ocean_menu_typo_font_size_unit":"px","ocean_menu_typo_font_weight":"","ocean_menu_typo_font_weight_tablet":"","ocean_menu_typo_font_weight_mobile":"","ocean_menu_typo_transform":"","ocean_menu_typo_transform_tablet":"","ocean_menu_typo_transform_mobile":"","ocean_menu_typo_line_height":0,"ocean_menu_typo_line_height_tablet":0,"ocean_menu_typo_line_height_mobile":0,"ocean_menu_typo_line_height_unit":"","ocean_menu_typo_spacing":0,"ocean_menu_typo_spacing_tablet":0,"ocean_menu_typo_spacing_mobile":0,"ocean_menu_typo_spacing_unit":"","ocean_menu_link_color":"","ocean_menu_link_color_hover":"","ocean_menu_link_color_active":"","ocean_menu_link_background":"","ocean_menu_link_hover_background":"","ocean_menu_link_active_background":"","ocean_menu_social_links_bg":"","ocean_menu_social_hover_links_bg":"","ocean_menu_social_links_color":"","ocean_menu_social_hover_links_color":"","ocean_disable_title":"default","ocean_disable_heading":"default","ocean_post_title":"","ocean_post_subheading":"","ocean_post_title_style":"","ocean_post_title_background_color":"","ocean_post_title_background":0,"ocean_post_title_bg_image_position":"","ocean_post_title_bg_image_attachment":"","ocean_post_title_bg_image_repeat":"","ocean_post_title_bg_image_size":"","ocean_post_title_height":0,"ocean_post_title_bg_overlay":0.5,"ocean_post_title_bg_overlay_color":"","ocean_disable_breadcrumbs":"default","ocean_breadcrumbs_color":"","ocean_breadcrumbs_separator_color":"","ocean_breadcrumbs_links_color":"","ocean_breadcrumbs_links_hover_color":"","ocean_display_footer_widgets":"default","ocean_display_footer_bottom":"default","ocean_custom_footer_template":"","osh_disable_topbar_sticky":"default","osh_disable_header_sticky":"default","osh_sticky_header_style":"default","osh_sticky_header_effect":"","osh_custom_sticky_logo":0,"osh_custom_retina_sticky_logo":0,"osh_custom_sticky_logo_height":0,"osh_background_color":"","osh_links_color":"","osh_links_hover_color":"","osh_links_active_color":"","osh_links_bg_color":"","osh_links_hover_bg_color":"","osh_links_active_bg_color":"","osh_menu_social_links_color":"","osh_menu_social_hover_links_color":"","footnotes":""},"class_list":["post-29","page","type-page","status-publish","has-post-thumbnail","hentry","entry","has-media","owp-thumbs-layout-horizontal","owp-btn-normal","owp-tabs-layout-horizontal","has-no-thumbnails","has-product-nav"],"yoast_head":"<!-- This site is optimized with the Yoast SEO plugin v27.5 - https:\/\/yoast.com\/product\/yoast-seo-wordpress\/ -->\n<title>Contact - PLANOUT - Real Estate Property Maintenance Service - Repairs, Cleaning<\/title>\n<meta name=\"robots\" content=\"index, follow, max-snippet:-1, max-image-preview:large, max-video-preview:-1\" \/>\n<link rel=\"canonical\" href=\"https:\/\/planout.ca\/fr\/contact\/\" \/>\n<meta property=\"og:locale\" content=\"fr_FR\" \/>\n<meta property=\"og:type\" content=\"article\" \/>\n<meta property=\"og:title\" content=\"Contact - PLANOUT - Real Estate Property Maintenance Service - Repairs, Cleaning\" \/>\n<meta property=\"og:description\" content=\"Better yet, see us in person! We love our customers, we&#8217;ll come visit your project and plan it out together. PlanOut Inc. 2000 Rue Sauv\u00e9 Ouest, Montr\u00e9al, Quebec H4N 0E2, Canada 1-514-386-4048 info@planout.ca Open Hours Monday to Sunday between 9:00 AM &#8211; 5:00 PM\" \/>\n<meta property=\"og:url\" content=\"https:\/\/planout.ca\/fr\/contact\/\" \/>\n<meta property=\"og:site_name\" content=\"PLANOUT - Real Estate Property Maintenance Service - Repairs, Cleaning\" \/>\n<meta property=\"article:publisher\" content=\"https:\/\/www.facebook.com\/profile.php?id=100089809608453\" \/>\n<meta property=\"article:modified_time\" content=\"2025-02-22T22:26:44+00:00\" \/>\n<meta property=\"og:image\" content=\"https:\/\/planout.ca\/wp-content\/uploads\/2024\/04\/planout.jpg\" \/>\n\t<meta property=\"og:image:width\" content=\"1042\" \/>\n\t<meta property=\"og:image:height\" content=\"1042\" \/>\n\t<meta property=\"og:image:type\" content=\"image\/jpeg\" \/>\n<meta name=\"twitter:card\" content=\"summary_large_image\" \/>\n<meta name=\"twitter:label1\" content=\"Dur\u00e9e de lecture estim\u00e9e\" \/>\n\t<meta name=\"twitter:data1\" content=\"1 minute\" \/>\n<script type=\"application\/ld+json\" class=\"yoast-schema-graph\">{\"@context\":\"https:\\\/\\\/schema.org\",\"@graph\":[{\"@type\":\"WebPage\",\"@id\":\"https:\\\/\\\/planout.ca\\\/en\\\/contact\\\/\",\"url\":\"https:\\\/\\\/planout.ca\\\/en\\\/contact\\\/\",\"name\":\"Contact - PLANOUT - Real Estate Property Maintenance Service - Repairs, Cleaning\",\"isPartOf\":{\"@id\":\"https:\\\/\\\/planout.ca\\\/en\\\/#website\"},\"primaryImageOfPage\":{\"@id\":\"https:\\\/\\\/planout.ca\\\/en\\\/contact\\\/#primaryimage\"},\"image\":{\"@id\":\"https:\\\/\\\/planout.ca\\\/en\\\/contact\\\/#primaryimage\"},\"thumbnailUrl\":\"https:\\\/\\\/planout.ca\\\/wp-content\\\/uploads\\\/2024\\\/04\\\/planout.jpg\",\"datePublished\":\"2024-05-12T19:03:10+00:00\",\"dateModified\":\"2025-02-22T22:26:44+00:00\",\"breadcrumb\":{\"@id\":\"https:\\\/\\\/planout.ca\\\/en\\\/contact\\\/#breadcrumb\"},\"inLanguage\":\"fr-FR\",\"potentialAction\":[{\"@type\":\"ReadAction\",\"target\":[\"https:\\\/\\\/planout.ca\\\/en\\\/contact\\\/\"]}]},{\"@type\":\"ImageObject\",\"inLanguage\":\"fr-FR\",\"@id\":\"https:\\\/\\\/planout.ca\\\/en\\\/contact\\\/#primaryimage\",\"url\":\"https:\\\/\\\/planout.ca\\\/wp-content\\\/uploads\\\/2024\\\/04\\\/planout.jpg\",\"contentUrl\":\"https:\\\/\\\/planout.ca\\\/wp-content\\\/uploads\\\/2024\\\/04\\\/planout.jpg\",\"width\":1042,\"height\":1042},{\"@type\":\"BreadcrumbList\",\"@id\":\"https:\\\/\\\/planout.ca\\\/en\\\/contact\\\/#breadcrumb\",\"itemListElement\":[{\"@type\":\"ListItem\",\"position\":1,\"name\":\"Home\",\"item\":\"https:\\\/\\\/planout.ca\\\/en\\\/\"},{\"@type\":\"ListItem\",\"position\":2,\"name\":\"Contact\"}]},{\"@type\":\"WebSite\",\"@id\":\"https:\\\/\\\/planout.ca\\\/en\\\/#website\",\"url\":\"https:\\\/\\\/planout.ca\\\/en\\\/\",\"name\":\"PLANOUT - Real Estate Property Maintenance Service - Repairs, Cleaning\",\"description\":\"All-Included Property Maintenance\",\"publisher\":{\"@id\":\"https:\\\/\\\/planout.ca\\\/en\\\/#organization\"},\"potentialAction\":[{\"@type\":\"SearchAction\",\"target\":{\"@type\":\"EntryPoint\",\"urlTemplate\":\"https:\\\/\\\/planout.ca\\\/en\\\/?s={search_term_string}\"},\"query-input\":{\"@type\":\"PropertyValueSpecification\",\"valueRequired\":true,\"valueName\":\"search_term_string\"}}],\"inLanguage\":\"fr-FR\"},{\"@type\":\"Organization\",\"@id\":\"https:\\\/\\\/planout.ca\\\/en\\\/#organization\",\"name\":\"PLANOUT - Real Estate Property Maintenance Service - Repairs, Cleaning\",\"alternateName\":\"PLANOUT - All-Included Property Maintenance\",\"url\":\"https:\\\/\\\/planout.ca\\\/en\\\/\",\"logo\":{\"@type\":\"ImageObject\",\"inLanguage\":\"fr-FR\",\"@id\":\"https:\\\/\\\/planout.ca\\\/en\\\/#\\\/schema\\\/logo\\\/image\\\/\",\"url\":\"https:\\\/\\\/planout.ca\\\/wp-content\\\/uploads\\\/2024\\\/04\\\/planout.jpg\",\"contentUrl\":\"https:\\\/\\\/planout.ca\\\/wp-content\\\/uploads\\\/2024\\\/04\\\/planout.jpg\",\"width\":1042,\"height\":1042,\"caption\":\"PLANOUT - Real Estate Property Maintenance Service - Repairs, Cleaning\"},\"image\":{\"@id\":\"https:\\\/\\\/planout.ca\\\/en\\\/#\\\/schema\\\/logo\\\/image\\\/\"},\"sameAs\":[\"https:\\\/\\\/www.facebook.com\\\/profile.php?id=100089809608453\",\"https:\\\/\\\/www.instagram.com\\\/planout_canada\\\/\"]}]}<\/script>\n<!-- \/ Yoast SEO plugin. -->","yoast_head_json":{"title":"Contact - PLANOUT - Service d&#039;entretien de biens immobiliers - R\u00e9parations, nettoyage","robots":{"index":"index","follow":"follow","max-snippet":"max-snippet:-1","max-image-preview":"max-image-preview:large","max-video-preview":"max-video-preview:-1"},"canonical":"https:\/\/planout.ca\/fr\/contact\/","og_locale":"fr_FR","og_type":"article","og_title":"Contact - PLANOUT - Real Estate Property Maintenance Service - Repairs, Cleaning","og_description":"Better yet, see us in person! We love our customers, we&#8217;ll come visit your project and plan it out together. PlanOut Inc. 2000 Rue Sauv\u00e9 Ouest, Montr\u00e9al, Quebec H4N 0E2, Canada 1-514-386-4048 info@planout.ca Open Hours Monday to Sunday between 9:00 AM &#8211; 5:00 PM","og_url":"https:\/\/planout.ca\/fr\/contact\/","og_site_name":"PLANOUT - Real Estate Property Maintenance Service - Repairs, Cleaning","article_publisher":"https:\/\/www.facebook.com\/profile.php?id=100089809608453","article_modified_time":"2025-02-22T22:26:44+00:00","og_image":[{"width":1042,"height":1042,"url":"https:\/\/planout.ca\/wp-content\/uploads\/2024\/04\/planout.jpg","type":"image\/jpeg"}],"twitter_card":"summary_large_image","twitter_misc":{"Dur\u00e9e de lecture estim\u00e9e":"1 minute"},"schema":{"@context":"https:\/\/schema.org","@graph":[{"@type":"WebPage","@id":"https:\/\/planout.ca\/en\/contact\/","url":"https:\/\/planout.ca\/en\/contact\/","name":"Contact - PLANOUT - Service d&#039;entretien de biens immobiliers - R\u00e9parations, nettoyage","isPartOf":{"@id":"https:\/\/planout.ca\/en\/#website"},"primaryImageOfPage":{"@id":"https:\/\/planout.ca\/en\/contact\/#primaryimage"},"image":{"@id":"https:\/\/planout.ca\/en\/contact\/#primaryimage"},"thumbnailUrl":"https:\/\/planout.ca\/wp-content\/uploads\/2024\/04\/planout.jpg","datePublished":"2024-05-12T19:03:10+00:00","dateModified":"2025-02-22T22:26:44+00:00","breadcrumb":{"@id":"https:\/\/planout.ca\/en\/contact\/#breadcrumb"},"inLanguage":"fr-FR","potentialAction":[{"@type":"ReadAction","target":["https:\/\/planout.ca\/en\/contact\/"]}]},{"@type":"ImageObject","inLanguage":"fr-FR","@id":"https:\/\/planout.ca\/en\/contact\/#primaryimage","url":"https:\/\/planout.ca\/wp-content\/uploads\/2024\/04\/planout.jpg","contentUrl":"https:\/\/planout.ca\/wp-content\/uploads\/2024\/04\/planout.jpg","width":1042,"height":1042},{"@type":"BreadcrumbList","@id":"https:\/\/planout.ca\/en\/contact\/#breadcrumb","itemListElement":[{"@type":"ListItem","position":1,"name":"Home","item":"https:\/\/planout.ca\/en\/"},{"@type":"ListItem","position":2,"name":"Contact"}]},{"@type":"WebSite","@id":"https:\/\/planout.ca\/en\/#website","url":"https:\/\/planout.ca\/en\/","name":"PLANOUT - Service d&#039;entretien de biens immobiliers - R\u00e9parations, nettoyage","description":"Entretien de la propri\u00e9t\u00e9 tout compris","publisher":{"@id":"https:\/\/planout.ca\/en\/#organization"},"potentialAction":[{"@type":"SearchAction","target":{"@type":"EntryPoint","urlTemplate":"https:\/\/planout.ca\/en\/?s={search_term_string}"},"query-input":{"@type":"PropertyValueSpecification","valueRequired":true,"valueName":"search_term_string"}}],"inLanguage":"fr-FR"},{"@type":"Organization","@id":"https:\/\/planout.ca\/en\/#organization","name":"PLANOUT - Service d&#039;entretien de biens immobiliers - R\u00e9parations, nettoyage","alternateName":"PLANOUT - All-Included Property Maintenance","url":"https:\/\/planout.ca\/en\/","logo":{"@type":"ImageObject","inLanguage":"fr-FR","@id":"https:\/\/planout.ca\/en\/#\/schema\/logo\/image\/","url":"https:\/\/planout.ca\/wp-content\/uploads\/2024\/04\/planout.jpg","contentUrl":"https:\/\/planout.ca\/wp-content\/uploads\/2024\/04\/planout.jpg","width":1042,"height":1042,"caption":"PLANOUT - Real Estate Property Maintenance Service - Repairs, Cleaning"},"image":{"@id":"https:\/\/planout.ca\/en\/#\/schema\/logo\/image\/"},"sameAs":["https:\/\/www.facebook.com\/profile.php?id=100089809608453","https:\/\/www.instagram.com\/planout_canada\/"]}]}},"_links":{"self":[{"href":"https:\/\/planout.ca\/fr\/wp-json\/wp\/v2\/pages\/29","targetHints":{"allow":["GET"]}}],"collection":[{"href":"https:\/\/planout.ca\/fr\/wp-json\/wp\/v2\/pages"}],"about":[{"href":"https:\/\/planout.ca\/fr\/wp-json\/wp\/v2\/types\/page"}],"author":[{"embeddable":true,"href":"https:\/\/planout.ca\/fr\/wp-json\/wp\/v2\/users\/1"}],"replies":[{"embeddable":true,"href":"https:\/\/planout.ca\/fr\/wp-json\/wp\/v2\/comments?post=29"}],"version-history":[{"count":3,"href":"https:\/\/planout.ca\/fr\/wp-json\/wp\/v2\/pages\/29\/revisions"}],"predecessor-version":[{"id":1595,"href":"https:\/\/planout.ca\/fr\/wp-json\/wp\/v2\/pages\/29\/revisions\/1595"}],"wp:featuredmedia":[{"embeddable":true,"href":"https:\/\/planout.ca\/fr\/wp-json\/wp\/v2\/media\/6"}],"wp:attachment":[{"href":"https:\/\/planout.ca\/fr\/wp-json\/wp\/v2\/media?parent=29"}],"curies":[{"name":"wp","href":"https:\/\/api.w.org\/{rel}","templated":true}]}}